{"id":1552,"date":"2022-02-09T17:43:29","date_gmt":"2022-02-09T16:43:29","guid":{"rendered":"https:\/\/levenduladugvany.hu\/?page_id=1552"},"modified":"2026-03-27T09:47:22","modified_gmt":"2026-03-27T08:47:22","slug":"uzenjen-nekunk","status":"publish","type":"page","link":"https:\/\/levenduladugvany.hu\/?page_id=1552","title":{"rendered":"\u00dcZENJEN NEK\u00dcNK"},"content":{"rendered":"\n<h3 class=\"wp-block-heading\" id=\"levendula-kerteszet\">LEVENDULA KERT\u00c9SZET<\/h3>\n\n\n\n<p>+36 30 938 1986, Buj\u00e1kn\u00e9 Szab\u00f3 Krisztina<br>+36 30 905 4269,Buj\u00e1k Endre<\/p>\n\n\n\n<p>6760 Kistelek<\/p>\n\n\n\n<p>Telep: <a href=\"https:\/\/www.google.com\/maps\/place\/46%C2%B027'46.2%22N+20%C2%B000'03.8%22E\/@46.464182,19.9872742,14z\/data=!4m5!3m4!1s0x0:0x0!8m2!3d46.462837!4d20.00105\">46.462837,20.00105<\/a> GPS<\/p>\n\n\n\n<p><a href=\"http:\/\/www.levendulakerteszet.hu\" data-type=\"URL\" data-id=\"www.levendulakerteszet.hu\">www.levendulakerteszet.hu<\/a><br><a href=\"http:\/\/www.facebook.com\/levendulakerteszet1\" data-type=\"URL\" data-id=\"www.facebook.com\/levendulakerteszet1\">www.facebook.com\/levendulakerteszet1<\/a><\/p>\n\n\n\n<p><a href=\"mailto:levendulakerteszet@gmail.com\">levendulakerteszet@gmail.com<\/a><\/p>\n\n\n\n<div class=\"wpcf7 no-js\" id=\"wpcf7-f5530-o1\" lang=\"hu-HU\" dir=\"ltr\" data-wpcf7-id=\"5530\">\n<div class=\"screen-reader-response\"><p role=\"status\" aria-live=\"polite\" aria-atomic=\"true\"><\/p> <ul><\/ul><\/div>\n<form action=\"\/index.php?rest_route=%2Fwp%2Fv2%2Fpages%2F1552#wpcf7-f5530-o1\" method=\"post\" class=\"wpcf7-form init\" aria-label=\"Kapcsolatfelv\u00e9teli \u0171rlap\" novalidate=\"novalidate\" data-status=\"init\">\n<fieldset class=\"hidden-fields-container\"><input type=\"hidden\" name=\"_wpcf7\" value=\"5530\" \/><input type=\"hidden\" name=\"_wpcf7_version\" value=\"6.1.5\" \/><input type=\"hidden\" name=\"_wpcf7_locale\" value=\"hu_HU\" \/><input type=\"hidden\" name=\"_wpcf7_unit_tag\" value=\"wpcf7-f5530-o1\" \/><input type=\"hidden\" name=\"_wpcf7_container_post\" value=\"0\" \/><input type=\"hidden\" name=\"_wpcf7_posted_data_hash\" value=\"\" \/>\n<\/fieldset>\n<p><label> N\u00e9v<br \/>\n<span class=\"wpcf7-form-control-wrap\" data-name=\"your-name\"><input size=\"40\" maxlength=\"400\" class=\"wpcf7-form-control wpcf7-text wpcf7-validates-as-required\" autocomplete=\"name\" aria-required=\"true\" aria-invalid=\"false\" value=\"\" type=\"text\" name=\"your-name\" \/><\/span> <\/label>\n<\/p>\n<p><label> E-mail c\u00edm<br \/>\n<span class=\"wpcf7-form-control-wrap\" data-name=\"your-email\"><input size=\"40\" maxlength=\"400\" class=\"wpcf7-form-control wpcf7-email wpcf7-validates-as-required wpcf7-text wpcf7-validates-as-email\" autocomplete=\"email\" aria-required=\"true\" aria-invalid=\"false\" value=\"\" type=\"email\" name=\"your-email\" \/><\/span> <\/label>\n<\/p>\n<p><label> T\u00e1rgy<br \/>\n<span class=\"wpcf7-form-control-wrap\" data-name=\"your-subject\"><input size=\"40\" maxlength=\"400\" class=\"wpcf7-form-control wpcf7-text wpcf7-validates-as-required\" aria-required=\"true\" aria-invalid=\"false\" value=\"\" type=\"text\" name=\"your-subject\" \/><\/span> <\/label>\n<\/p>\n<p><label> \u00dczenet<br \/>\n<span class=\"wpcf7-form-control-wrap\" data-name=\"your-message\"><textarea cols=\"40\" rows=\"10\" maxlength=\"2000\" class=\"wpcf7-form-control wpcf7-textarea\" aria-invalid=\"false\" name=\"your-message\"><\/textarea><\/span> <\/label>\n<\/p>\n<p><span class=\"wpcf7-form-control-wrap\" data-name=\"quiz-941\"><label><span class=\"wpcf7-quiz-label\">Braz\u00edlia f\u0151v\u00e1rosa? (Rio)<\/span> <input size=\"40\" class=\"wpcf7-form-control wpcf7-quiz\" autocomplete=\"off\" aria-required=\"true\" aria-invalid=\"false\" type=\"text\" name=\"quiz-941\" \/><\/label><input type=\"hidden\" name=\"_wpcf7_quiz_answer_quiz-941\" value=\"30be92a1648c6e1b74c4ec48bdb9ee51\" \/><\/span>\n<\/p>\n<p><input class=\"wpcf7-form-control wpcf7-submit has-spinner\" type=\"submit\" value=\"Bek\u00fcld\u00e9s\" \/>\n<\/p><p style=\"display: none !important;\"><label>&#916;<textarea name=\"_wpcf7_ak_hp_textarea\" cols=\"45\" rows=\"8\" maxlength=\"100\"><\/textarea><\/label><input type=\"hidden\" id=\"ak_js\" name=\"_wpcf7_ak_js\" value=\"240\"\/><script>document.getElementById( \"ak_js\" ).setAttribute( \"value\", ( new Date() ).getTime() );<\/script><\/p><div class=\"wpcf7-response-output\" aria-hidden=\"true\"><\/div>\n<\/form>\n<\/div>\n\n","protected":false},"excerpt":{"rendered":"<p>LEVENDULA KERT\u00c9SZET +36 30 938 1986, Buj\u00e1kn\u00e9 Szab\u00f3 Krisztina+36 30 905 4269,Buj\u00e1k Endre 6760 Kistelek Telep: 46.462837,20.00105 GPS www.levendulakerteszet.huwww.facebook.com\/levendulakerteszet1 levendulakerteszet@gmail.com<\/p>\n","protected":false},"author":1,"featured_media":0,"parent":0,"menu_order":0,"comment_status":"closed","ping_status":"closed","template":"","meta":{"footnotes":""},"class_list":["post-1552","page","type-page","status-publish","hentry"],"_links":{"self":[{"href":"https:\/\/levenduladugvany.hu\/index.php?rest_route=\/wp\/v2\/pages\/1552","targetHints":{"allow":["GET"]}}],"collection":[{"href":"https:\/\/levenduladugvany.hu\/index.php?rest_route=\/wp\/v2\/pages"}],"about":[{"href":"https:\/\/levenduladugvany.hu\/index.php?rest_route=\/wp\/v2\/types\/page"}],"author":[{"embeddable":true,"href":"https:\/\/levenduladugvany.hu\/index.php?rest_route=\/wp\/v2\/users\/1"}],"replies":[{"embeddable":true,"href":"https:\/\/levenduladugvany.hu\/index.php?rest_route=%2Fwp%2Fv2%2Fcomments&post=1552"}],"version-history":[{"count":18,"href":"https:\/\/levenduladugvany.hu\/index.php?rest_route=\/wp\/v2\/pages\/1552\/revisions"}],"predecessor-version":[{"id":5534,"href":"https:\/\/levenduladugvany.hu\/index.php?rest_route=\/wp\/v2\/pages\/1552\/revisions\/5534"}],"wp:attachment":[{"href":"https:\/\/levenduladugvany.hu\/index.php?rest_route=%2Fwp%2Fv2%2Fmedia&parent=1552"}],"curies":[{"name":"wp","href":"https:\/\/api.w.org\/{rel}","templated":true}]}}