{"id":1559,"date":"2022-02-09T18:27:29","date_gmt":"2022-02-09T17:27:29","guid":{"rendered":"https:\/\/levenduladugvany.hu\/?page_id=1559"},"modified":"2022-02-10T08:17:27","modified_gmt":"2022-02-10T07:17:27","slug":"elerhetoseg1","status":"publish","type":"page","link":"https:\/\/levenduladugvany.hu\/?page_id=1559","title":{"rendered":"EL\u00c9RHET\u0150S\u00c9G"},"content":{"rendered":"\n<h3 class=\"wp-block-heading\" id=\"levendula-kerteszet\">LEVENDULA KERT\u00c9SZET<\/h3>\n\n\n\n<p>+36 30 938 1986, Buj\u00e1kn\u00e9 Szab\u00f3 Krisztina<br>+36 30 905 4269,Buj\u00e1k Endre<\/p>\n\n\n\n<p>6760 Kistelek<\/p>\n\n\n\n<p>Telep: <a href=\"https:\/\/www.google.com\/maps\/place\/46%C2%B027'46.2%22N+20%C2%B000'03.8%22E\/@46.464182,19.9872742,14z\/data=!4m5!3m4!1s0x0:0x0!8m2!3d46.462837!4d20.00105\">46.462837,20.00105<\/a> GPS<\/p>\n\n\n\n<p><a href=\"http:\/\/www.levendulakerteszet.hu\" data-type=\"URL\" data-id=\"www.levendulakerteszet.hu\">www.levendulakerteszet.hu<\/a><br><a href=\"http:\/\/www.facebook.com\/levendulakerteszet1\" data-type=\"URL\" data-id=\"www.facebook.com\/levendulakerteszet1\">www.facebook.com\/levendulakerteszet1<\/a><\/p>\n\n\n\n<p><a href=\"mailto:levendulakerteszet@gmail.com\">levendulakerteszet@gmail.com<\/a><\/p>\n","protected":false},"excerpt":{"rendered":"<p>LEVENDULA KERT\u00c9SZET +36 30 938 1986, Buj\u00e1kn\u00e9 Szab\u00f3 Krisztina+36 30 905 4269,Buj\u00e1k Endre 6760 Kistelek Telep: 46.462837,20.00105 GPS www.levendulakerteszet.huwww.facebook.com\/levendulakerteszet1 levendulakerteszet@gmail.com<\/p>\n","protected":false},"author":1,"featured_media":0,"parent":0,"menu_order":0,"comment_status":"closed","ping_status":"closed","template":"","meta":{"footnotes":""},"class_list":["post-1559","page","type-page","status-publish","hentry"],"_links":{"self":[{"href":"https:\/\/levenduladugvany.hu\/index.php?rest_route=\/wp\/v2\/pages\/1559","targetHints":{"allow":["GET"]}}],"collection":[{"href":"https:\/\/levenduladugvany.hu\/index.php?rest_route=\/wp\/v2\/pages"}],"about":[{"href":"https:\/\/levenduladugvany.hu\/index.php?rest_route=\/wp\/v2\/types\/page"}],"author":[{"embeddable":true,"href":"https:\/\/levenduladugvany.hu\/index.php?rest_route=\/wp\/v2\/users\/1"}],"replies":[{"embeddable":true,"href":"https:\/\/levenduladugvany.hu\/index.php?rest_route=%2Fwp%2Fv2%2Fcomments&post=1559"}],"version-history":[{"count":5,"href":"https:\/\/levenduladugvany.hu\/index.php?rest_route=\/wp\/v2\/pages\/1559\/revisions"}],"predecessor-version":[{"id":1601,"href":"https:\/\/levenduladugvany.hu\/index.php?rest_route=\/wp\/v2\/pages\/1559\/revisions\/1601"}],"wp:attachment":[{"href":"https:\/\/levenduladugvany.hu\/index.php?rest_route=%2Fwp%2Fv2%2Fmedia&parent=1559"}],"curies":[{"name":"wp","href":"https:\/\/api.w.org\/{rel}","templated":true}]}}